{"id":94,"date":"2018-01-20T19:43:33","date_gmt":"2018-01-20T18:43:33","guid":{"rendered":"http:\/\/127.0.0.1\/wordpress\/?page_id=94"},"modified":"2018-05-02T13:58:14","modified_gmt":"2018-05-02T11:58:14","slug":"besuchsberichte-oper","status":"publish","type":"page","link":"https:\/\/www.dahms-projekt.de\/wordpress\/besuchsberichte-oper\/","title":{"rendered":"Besuche Oper"},"content":{"rendered":"<div id=\"primary\" class=\"content-area\">\n<article id=\"post-85\" class=\"post-85 page type-page status-publish hentry\">\n<div class=\"entry-content\"><img loading=\"lazy\" decoding=\"async\" class=\"aligncenter wp-image-530 size-full\" src=\"https:\/\/www.dahms-projekt.de\/wordpress\/wp-content\/uploads\/2018\/05\/RenateD_k250_a.jpg\" alt=\"\" width=\"190\" height=\"250\" srcset=\"https:\/\/www.dahms-projekt.de\/wordpress\/wp-content\/uploads\/2018\/05\/RenateD_k250_a.jpg 190w, https:\/\/www.dahms-projekt.de\/wordpress\/wp-content\/uploads\/2018\/05\/RenateD_k250_a-114x150.jpg 114w\" sizes=\"auto, (max-width: 190px) 100vw, 190px\" \/><\/div>\n<\/article>\n<div><em>\u00a0<\/em><\/div>\n<div><em><strong>Renate Dahms<\/strong> hatte die Idee, unserer ersten Website <strong>www.TanzInfo-Berlin.de<\/strong>, die sich <strong>2006<\/strong> gut eingef\u00fchrt hatte, eine entsprechende Website f\u00fcr die Berichte \u00fcber unsere Opernbesuche beizustellen. Gesagt getan, seit <strong>2007<\/strong> begannen wir unsere Berichte \u00fcber Oper,\u00a0 Theater, Musical, Zirkus Kabaret u.\u00e4. auf <strong>www.OpernInfo-Berlin.de<\/strong> zu schreiben und zu ver\u00f6ffentlichen. Auch diese Website wurde gut angenommen. Das ist nun mehr als zehn Jahre her und erforderte nun eine Modernisierung. Daraus entstand diese aktuelle Website mit einer Anpassung an alle modernen Displayformate und mit der Zusammenfassung aller Berichte unter einer Adresse, die mit den &#8222;alten&#8220; Adressen erreicht werden kann.<\/em><\/div>\n<div>\nEin tragische Schicksal lie\u00df es nicht zu, dass <strong>Renate Dahms<\/strong> ihre erfolgreiche, schreibende T\u00e4tigkeit f\u00fcr ihre Lieblingsthemen Tanz und Oper weiterf\u00fchren konnte. Ihr Kampf gegen eine t\u00fcckische langj\u00e4hrige Krankheit war zuletzt nicht erfolgreich. Renate Dahms ist im April 2018 von uns gegangen und hinterl\u00e4\u00dft eine schmerzliche L\u00fccke, die sich nicht wieder f\u00fcllen lassen wird. Wir werden uns ihrer immer mit Liebe erinnern, denn &#8230;<\/p>\n<p style=\"text-align: center;\"><strong>\u00a0\u00a0\u00a0\u00a0\u00a0<em> \u201eEs ist nur der tot, der vergessen ist\u201c<\/em><\/strong><\/p>\n<\/div>\n<article id=\"post-85\" class=\"post-85 page type-page status-publish hentry\">\n<div class=\"entry-content\">\n<hr \/>\n<p><b>Die &#8222;OpernInfo Berlin&#8220; pr\u00e4sentierte:<\/b><\/p>\n<p style=\"text-align: center;\" align=\"left\"><b> &#8230; aktuell, dynamisch, bunt gew\u00fcrfelte Infos aus allen Bereichen der Berliner (und der weiten) Opernwelt, Veranstaltungen und Termine, Berichte und Geschichten, Oper im TV, Adressen, sowie zur Literatur und zur Geschichte der Oper. Da auch die Theaterwissenschaften ein Teil der Kulturwissenschaften sind und auch die Oper eine Geschichte hat, werden ebenso interdisziplin\u00e4re Diskurse von Fall zu Fall zur Sprache kommen.<br \/>\n<\/b><\/p>\n<hr \/>\n<p>Diese aktuelle Website ist ein Neudesign der seit mehr als zehn Jahren ver\u00f6ffentlchten und gepflegten Website:<\/p>\n<p style=\"text-align: center;\"><strong><span style=\"color: #0000ff;\">www.OpernInfo-Berlin.de<\/span><\/strong><\/p>\n<p><img loading=\"lazy\" decoding=\"async\" class=\"aligncenter wp-image-256 size-full\" src=\"https:\/\/www.dahms-projekt.de\/wordpress\/wp-content\/uploads\/2018\/02\/OpernInfo.jpg\" alt=\"\" width=\"800\" height=\"160\" srcset=\"https:\/\/www.dahms-projekt.de\/wordpress\/wp-content\/uploads\/2018\/02\/OpernInfo.jpg 800w, https:\/\/www.dahms-projekt.de\/wordpress\/wp-content\/uploads\/2018\/02\/OpernInfo-300x60.jpg 300w, https:\/\/www.dahms-projekt.de\/wordpress\/wp-content\/uploads\/2018\/02\/OpernInfo-768x154.jpg 768w\" sizes=\"auto, (max-width: 800px) 100vw, 800px\" \/><\/p>\n<\/div>\n<\/article>\n<\/div>\n<h6 style=\"text-align: center;\">Alle Fotos ohne besonderen &#8222;\u00a9 Hinweis&#8220; sind<br \/>\n&#8222;Copyright\u00a0\u00a9 Peter Dahms &#8211; Dahms-Projekt&#8220;<\/h6>\n","protected":false},"excerpt":{"rendered":"<p>\u00a0 Renate Dahms hatte die Idee, unserer ersten Website www.TanzInfo-Berlin.de, die sich 2006 gut eingef\u00fchrt hatte, eine entsprechende Website f\u00fcr die Berichte \u00fcber unsere Opernbesuche beizustellen. Gesagt getan, seit 2007 begannen wir unsere Berichte \u00fcber Oper,\u00a0 Theater, Musical, Zirkus Kabaret u.\u00e4. auf www.OpernInfo-Berlin.de zu schreiben und zu ver\u00f6ffentlichen. Auch diese Website wurde gut angenommen. Das [&hellip;]<\/p>\n","protected":false},"author":1,"featured_media":256,"parent":0,"menu_order":0,"comment_status":"closed","ping_status":"closed","template":"","meta":{"footnotes":""},"class_list":["post-94","page","type-page","status-publish","has-post-thumbnail","hentry"],"_links":{"self":[{"href":"https:\/\/www.dahms-projekt.de\/wordpress\/wp-json\/wp\/v2\/pages\/94","targetHints":{"allow":["GET"]}}],"collection":[{"href":"https:\/\/www.dahms-projekt.de\/wordpress\/wp-json\/wp\/v2\/pages"}],"about":[{"href":"https:\/\/www.dahms-projekt.de\/wordpress\/wp-json\/wp\/v2\/types\/page"}],"author":[{"embeddable":true,"href":"https:\/\/www.dahms-projekt.de\/wordpress\/wp-json\/wp\/v2\/users\/1"}],"replies":[{"embeddable":true,"href":"https:\/\/www.dahms-projekt.de\/wordpress\/wp-json\/wp\/v2\/comments?post=94"}],"version-history":[{"count":10,"href":"https:\/\/www.dahms-projekt.de\/wordpress\/wp-json\/wp\/v2\/pages\/94\/revisions"}],"predecessor-version":[{"id":538,"href":"https:\/\/www.dahms-projekt.de\/wordpress\/wp-json\/wp\/v2\/pages\/94\/revisions\/538"}],"wp:featuredmedia":[{"embeddable":true,"href":"https:\/\/www.dahms-projekt.de\/wordpress\/wp-json\/wp\/v2\/media\/256"}],"wp:attachment":[{"href":"https:\/\/www.dahms-projekt.de\/wordpress\/wp-json\/wp\/v2\/media?parent=94"}],"curies":[{"name":"wp","href":"https:\/\/api.w.org\/{rel}","templated":true}]}}