{"id":85,"date":"2018-01-20T19:32:47","date_gmt":"2018-01-20T18:32:47","guid":{"rendered":"http:\/\/127.0.0.1\/wordpress\/?page_id=85"},"modified":"2018-03-30T10:48:34","modified_gmt":"2018-03-30T08:48:34","slug":"besuchsberichte-tanz","status":"publish","type":"page","link":"https:\/\/www.dahms-projekt.de\/wordpress\/besuchsberichte-tanz\/","title":{"rendered":"Besuche Tanz"},"content":{"rendered":"<table style=\"height: 526px;\" border=\"0\" width=\"761\">\n<tbody>\n<tr>\n<td><\/td>\n<td>\n<p style=\"text-align: center;\"><span style=\"font-family: Arial, Helvetica, Geneva, Swiss, SunSans-Regular, sans-serif; font-size: small;\"><img loading=\"lazy\" decoding=\"async\" class=\"alignnone wp-image-361\" src=\"https:\/\/www.dahms-projekt.de\/wordpress\/wp-content\/uploads\/2018\/03\/Steffi_StTag_250.jpg\" alt=\"\" width=\"209\" height=\"276\" \/><\/span><\/p>\n<h6><em>\u00a0<span style=\"font-family: Arial, Helvetica, Geneva, Swiss, SunSans-Regular, sans-serif; font-size: small;\"><strong>Diese Website beruht auf den sachlich, fachlichen Vorarbeiten von <\/strong><\/span><a href=\"https:\/\/www.dahms-projekt.de\/wordpress\/wp-content\/uploads\/2018\/03\/nachruf_stephanie_aus_tagesspiegel.pdf\">Stephanie Dahms M.A.<\/a><span style=\"font-family: Arial, Helvetica, Geneva, Swiss, SunSans-Regular, sans-serif; font-size: small;\">, die technische Umsetzung und Bearbeitung f\u00fcr das WEB besorgte <a href=\"https:\/\/www.dahms-projekt.de\/wordpress\/wp-content\/uploads\/2018\/03\/nachruf_jens_aus_tagesspiegel.pdf\">Jens Hering<\/a>. Durch einen tragischen Verkehrsunfall am 7.September 2003 wurden beide j\u00e4h aus dem Leben gerissen und hinterlassen eine schmerzliche L\u00fccke in unserem Leben. Wir f\u00fchlen uns verpflichtet, soweit es f\u00fcr uns m\u00f6glich ist, die Arbeit in ihrem Sinne fortzuf\u00fchren, denn\u00a0<\/span><\/em><span style=\"font-family: Arial, Helvetica, Geneva, Swiss, SunSans-Regular, sans-serif; font-size: small;\"><br \/>\n<\/span><\/h6>\n<p style=\"text-align: center;\"><strong>\u00a0\u00a0\u00a0\u00a0\u00a0<span style=\"color: #ff6600;\"><em> &#8222;Es ist nur der tot, der vergessen ist&#8220;<\/em><\/span><\/strong><\/p>\n<\/td>\n<\/tr>\n<\/tbody>\n<\/table>\n<hr \/>\n<h4 style=\"text-align: center;\" align=\"left\">Diese aktuelle Website ist ein Neudesign der seit mehr als zehn Jahren ver\u00f6ffentlchten und gepflegten Website:<\/h4>\n<p><img loading=\"lazy\" decoding=\"async\" class=\"aligncenter wp-image-258 size-full\" src=\"https:\/\/www.dahms-projekt.de\/wordpress\/wp-content\/uploads\/2018\/02\/TanzInfo.jpg\" alt=\"\" width=\"800\" height=\"152\" srcset=\"https:\/\/www.dahms-projekt.de\/wordpress\/wp-content\/uploads\/2018\/02\/TanzInfo.jpg 800w, https:\/\/www.dahms-projekt.de\/wordpress\/wp-content\/uploads\/2018\/02\/TanzInfo-300x57.jpg 300w, https:\/\/www.dahms-projekt.de\/wordpress\/wp-content\/uploads\/2018\/02\/TanzInfo-768x146.jpg 768w\" sizes=\"auto, (max-width: 800px) 100vw, 800px\" \/><\/p>\n<p style=\"text-align: center;\" align=\"left\"><span style=\"color: #3366ff;\"><em><strong>www.TanzInfo-Berlin.de<\/strong> <\/em><\/span><\/p>\n<p style=\"text-align: center;\" align=\"left\"><b>Diese &#8222;TanzInfo Berlin&#8220; pr\u00e4sentierte:<br \/>\n&#8230; aktuell, dynamisch, bunt gew\u00fcrfelte Infos aus allen Bereichen der Berliner Tanzszene, Veranstaltungen und Termine, Berichte und Geschichten, Tanz im TV, Adressen, sowie Literatur und Geschichte des Tanzes.<br \/>\n<\/b><\/p>\n<hr \/>\n<h6 style=\"text-align: center;\">Alle Fotos ohne besonderen &#8222;\u00a9 Hinweis&#8220; sind<br \/>\n&#8222;Copyright \u00a9 Peter Dahms &#8211; dahms-projekt&#8220;<\/h6>\n","protected":false},"excerpt":{"rendered":"<p>\u00a0Diese Website beruht auf den sachlich, fachlichen Vorarbeiten von Stephanie Dahms M.A., die technische Umsetzung und Bearbeitung f\u00fcr das WEB besorgte Jens Hering. Durch einen tragischen Verkehrsunfall am 7.September 2003 wurden beide j\u00e4h aus dem Leben gerissen und hinterlassen eine schmerzliche L\u00fccke in unserem Leben. Wir f\u00fchlen uns verpflichtet, soweit es f\u00fcr uns m\u00f6glich ist, [&hellip;]<\/p>\n","protected":false},"author":1,"featured_media":0,"parent":0,"menu_order":0,"comment_status":"closed","ping_status":"closed","template":"","meta":{"footnotes":""},"class_list":["post-85","page","type-page","status-publish","hentry"],"_links":{"self":[{"href":"https:\/\/www.dahms-projekt.de\/wordpress\/wp-json\/wp\/v2\/pages\/85","targetHints":{"allow":["GET"]}}],"collection":[{"href":"https:\/\/www.dahms-projekt.de\/wordpress\/wp-json\/wp\/v2\/pages"}],"about":[{"href":"https:\/\/www.dahms-projekt.de\/wordpress\/wp-json\/wp\/v2\/types\/page"}],"author":[{"embeddable":true,"href":"https:\/\/www.dahms-projekt.de\/wordpress\/wp-json\/wp\/v2\/users\/1"}],"replies":[{"embeddable":true,"href":"https:\/\/www.dahms-projekt.de\/wordpress\/wp-json\/wp\/v2\/comments?post=85"}],"version-history":[{"count":8,"href":"https:\/\/www.dahms-projekt.de\/wordpress\/wp-json\/wp\/v2\/pages\/85\/revisions"}],"predecessor-version":[{"id":455,"href":"https:\/\/www.dahms-projekt.de\/wordpress\/wp-json\/wp\/v2\/pages\/85\/revisions\/455"}],"wp:attachment":[{"href":"https:\/\/www.dahms-projekt.de\/wordpress\/wp-json\/wp\/v2\/media?parent=85"}],"curies":[{"name":"wp","href":"https:\/\/api.w.org\/{rel}","templated":true}]}}