{"id":70,"date":"2018-01-20T18:19:49","date_gmt":"2018-01-20T17:19:49","guid":{"rendered":"http:\/\/127.0.0.1\/wordpress\/?page_id=70"},"modified":"2018-01-20T18:19:49","modified_gmt":"2018-01-20T17:19:49","slug":"rezensionen","status":"publish","type":"page","link":"https:\/\/www.dahms-projekt.de\/wordpress\/rezensionen\/","title":{"rendered":"Rezensionen"},"content":{"rendered":"<p>Diese Website pr\u00e4sentiert <em>Rezensionen von Neuerscheinungen<\/em>, die sich mit den Themen dieser Website und weiteren Themen aus dem <em>Umfeld und den Grundlagen<\/em> dieser Interessengebiete besch\u00e4ftigen, die da sind:<\/p>\n<ul>\n<li>Kulturwissenschaft und Kulturgeschichte<\/li>\n<li>Opergeschichte, Auff\u00fchrungen, Inszenierungen<\/li>\n<li>Tanzgeschichte, Auff\u00fchrungen, Choreografien, Inszenierungen<\/li>\n<li>&#8230; und nat\u00fcrlich auch die Welt des Internets mit ihren vielf\u00e4ltigen Erscheinungen, Inhalten und Diskussionen<\/li>\n<\/ul>\n<p>&nbsp;<\/p>\n","protected":false},"excerpt":{"rendered":"<p>Diese Website pr\u00e4sentiert Rezensionen von Neuerscheinungen, die sich mit den Themen dieser Website und weiteren Themen aus dem Umfeld und den Grundlagen dieser Interessengebiete besch\u00e4ftigen, die da sind: Kulturwissenschaft und Kulturgeschichte Opergeschichte, Auff\u00fchrungen, Inszenierungen Tanzgeschichte, Auff\u00fchrungen, Choreografien, Inszenierungen &#8230; und nat\u00fcrlich auch die Welt des Internets mit ihren vielf\u00e4ltigen Erscheinungen, Inhalten und Diskussionen &nbsp;<\/p>\n","protected":false},"author":1,"featured_media":0,"parent":0,"menu_order":0,"comment_status":"closed","ping_status":"closed","template":"template-centered.php","meta":{"footnotes":""},"class_list":["post-70","page","type-page","status-publish","hentry"],"_links":{"self":[{"href":"https:\/\/www.dahms-projekt.de\/wordpress\/wp-json\/wp\/v2\/pages\/70","targetHints":{"allow":["GET"]}}],"collection":[{"href":"https:\/\/www.dahms-projekt.de\/wordpress\/wp-json\/wp\/v2\/pages"}],"about":[{"href":"https:\/\/www.dahms-projekt.de\/wordpress\/wp-json\/wp\/v2\/types\/page"}],"author":[{"embeddable":true,"href":"https:\/\/www.dahms-projekt.de\/wordpress\/wp-json\/wp\/v2\/users\/1"}],"replies":[{"embeddable":true,"href":"https:\/\/www.dahms-projekt.de\/wordpress\/wp-json\/wp\/v2\/comments?post=70"}],"version-history":[{"count":0,"href":"https:\/\/www.dahms-projekt.de\/wordpress\/wp-json\/wp\/v2\/pages\/70\/revisions"}],"wp:attachment":[{"href":"https:\/\/www.dahms-projekt.de\/wordpress\/wp-json\/wp\/v2\/media?parent=70"}],"curies":[{"name":"wp","href":"https:\/\/api.w.org\/{rel}","templated":true}]}}