{"id":1222,"date":"2019-09-29T09:33:11","date_gmt":"2019-09-29T07:33:11","guid":{"rendered":"http:\/\/www.dahms-projekt.de\/wordpress\/?page_id=1222"},"modified":"2020-03-06T10:24:34","modified_gmt":"2020-03-06T09:24:34","slug":"rueckblicke","status":"publish","type":"page","link":"https:\/\/www.dahms-projekt.de\/wordpress\/rueckblicke\/","title":{"rendered":"R\u00fcckblicke"},"content":{"rendered":"<p><img loading=\"lazy\" decoding=\"async\" class=\"aligncenter size-full wp-image-1227\" src=\"https:\/\/www.dahms-projekt.de\/wordpress\/wp-content\/uploads\/2019\/09\/WP_TanzInfo_LOGO.jpg\" alt=\"\" width=\"800\" height=\"160\" srcset=\"https:\/\/www.dahms-projekt.de\/wordpress\/wp-content\/uploads\/2019\/09\/WP_TanzInfo_LOGO.jpg 800w, https:\/\/www.dahms-projekt.de\/wordpress\/wp-content\/uploads\/2019\/09\/WP_TanzInfo_LOGO-150x30.jpg 150w, https:\/\/www.dahms-projekt.de\/wordpress\/wp-content\/uploads\/2019\/09\/WP_TanzInfo_LOGO-300x60.jpg 300w, https:\/\/www.dahms-projekt.de\/wordpress\/wp-content\/uploads\/2019\/09\/WP_TanzInfo_LOGO-768x154.jpg 768w\" sizes=\"auto, (max-width: 800px) 100vw, 800px\" \/><\/p>\n<p><strong>Es ist doch immer wieder interessant, sich zu erinnern,<\/strong> wie sich die Personen, Gruppen und Ereignisse, die in aktuellen Berichten thematisiert werden, in der Vergangenheit darstellten, gr\u00fcndeten oder beachtet wurden.<\/p>\n<p><img loading=\"lazy\" decoding=\"async\" class=\"aligncenter size-full wp-image-1225\" src=\"https:\/\/www.dahms-projekt.de\/wordpress\/wp-content\/uploads\/2019\/09\/DP_LOGO.jpg\" alt=\"\" width=\"80\" height=\"91\" \/><\/p>\n<p><strong>Hierzu<\/strong> wird in unregelm\u00e4\u00dfigen Abst\u00e4nden oder passend zu aktuellen Berichten in unseren Informations-Fundus gegriffen und der Inhalt &#8222;i. M.&#8220; noch einmal ver\u00f6ffentlicht. (&#8230; alle Berichte sind \u00a9 <strong><em>Dahms-Projekt<\/em><\/strong> Originale)<\/p>\n<p><img loading=\"lazy\" decoding=\"async\" class=\"aligncenter size-full wp-image-1226\" src=\"https:\/\/www.dahms-projekt.de\/wordpress\/wp-content\/uploads\/2019\/09\/WP_OpernInfo_LOGO.jpg\" alt=\"\" width=\"800\" height=\"160\" srcset=\"https:\/\/www.dahms-projekt.de\/wordpress\/wp-content\/uploads\/2019\/09\/WP_OpernInfo_LOGO.jpg 800w, https:\/\/www.dahms-projekt.de\/wordpress\/wp-content\/uploads\/2019\/09\/WP_OpernInfo_LOGO-150x30.jpg 150w, https:\/\/www.dahms-projekt.de\/wordpress\/wp-content\/uploads\/2019\/09\/WP_OpernInfo_LOGO-300x60.jpg 300w, https:\/\/www.dahms-projekt.de\/wordpress\/wp-content\/uploads\/2019\/09\/WP_OpernInfo_LOGO-768x154.jpg 768w\" sizes=\"auto, (max-width: 800px) 100vw, 800px\" \/><\/p>\n<p>&nbsp;<\/p>\n<p><strong>Ebenso aus dieser Historie<\/strong> k\u00f6nnen Sie, k\u00f6nnt ihr einzelne (oder alle) Besuchsberichte oder Rezensionen im PDF-Format <strong>aus meinem ARCHIV<\/strong> nachlesen oder downloaden (unbedigt das COPYRIGHT beachten!)<\/p>\n","protected":false},"excerpt":{"rendered":"<p>Es ist doch immer wieder interessant, sich zu erinnern, wie sich die Personen, Gruppen und Ereignisse, die in aktuellen Berichten thematisiert werden, in der Vergangenheit darstellten, gr\u00fcndeten oder beachtet wurden. Hierzu wird in unregelm\u00e4\u00dfigen Abst\u00e4nden oder passend zu aktuellen Berichten in unseren Informations-Fundus gegriffen und der Inhalt &#8222;i. M.&#8220; noch einmal ver\u00f6ffentlicht. (&#8230; alle Berichte [&hellip;]<\/p>\n","protected":false},"author":1,"featured_media":0,"parent":0,"menu_order":0,"comment_status":"closed","ping_status":"closed","template":"","meta":{"footnotes":""},"class_list":["post-1222","page","type-page","status-publish","hentry"],"_links":{"self":[{"href":"https:\/\/www.dahms-projekt.de\/wordpress\/wp-json\/wp\/v2\/pages\/1222","targetHints":{"allow":["GET"]}}],"collection":[{"href":"https:\/\/www.dahms-projekt.de\/wordpress\/wp-json\/wp\/v2\/pages"}],"about":[{"href":"https:\/\/www.dahms-projekt.de\/wordpress\/wp-json\/wp\/v2\/types\/page"}],"author":[{"embeddable":true,"href":"https:\/\/www.dahms-projekt.de\/wordpress\/wp-json\/wp\/v2\/users\/1"}],"replies":[{"embeddable":true,"href":"https:\/\/www.dahms-projekt.de\/wordpress\/wp-json\/wp\/v2\/comments?post=1222"}],"version-history":[{"count":7,"href":"https:\/\/www.dahms-projekt.de\/wordpress\/wp-json\/wp\/v2\/pages\/1222\/revisions"}],"predecessor-version":[{"id":1741,"href":"https:\/\/www.dahms-projekt.de\/wordpress\/wp-json\/wp\/v2\/pages\/1222\/revisions\/1741"}],"wp:attachment":[{"href":"https:\/\/www.dahms-projekt.de\/wordpress\/wp-json\/wp\/v2\/media?parent=1222"}],"curies":[{"name":"wp","href":"https:\/\/api.w.org\/{rel}","templated":true}]}}